{"id":1466,"date":"2023-05-23T13:03:56","date_gmt":"2023-05-23T13:03:56","guid":{"rendered":"https:\/\/katieporter.com\/about\/"},"modified":"2025-03-07T19:32:17","modified_gmt":"2025-03-07T19:32:17","slug":"sobre","status":"publish","type":"page","link":"https:\/\/katieporter.com\/es\/sobre\/","title":{"rendered":"Conoce a Katie"},"content":{"rendered":"\n<div class=\"wp-block-media-text alignwide has-media-on-the-right is-stacked-on-mobile\"><div class=\"wp-block-media-text__content\">\n<p>Despu\u00e9s de las elecciones de 2016, Katie lanz\u00f3 su primera campa\u00f1a, preocupada por la amenaza representada por Donald Trump. Dos a\u00f1os despu\u00e9s, ella logr\u00f3 volcar el distrito de rojo a azul y se convirti\u00f3 en la <strong>primera dem\u00f3crata en representar esa zona en 75 a\u00f1os<\/strong>. Katie fungi\u00f3 tres t\u00e9rminos en el Congreso, recibiendo atenci\u00f3n nacional por enfrentarse a los funcionarios de la administraci\u00f3n Trump que le fallaron a los californianos. En marzo de 2020, cuando ten\u00edamos pocas herramientas para enfrentar la pandemia, su implacable supervisi\u00f3n del Director de los CDC de Trump, utilizando su pizarra blanca, <strong>logr\u00f3 que todos los estadounidenses tuvieran acceso gratuito a pruebas de COVID<\/strong>.<\/p>\n<\/div><figure class=\"wp-block-media-text__media\"><img loading=\"lazy\" decoding=\"async\" width=\"1024\" height=\"731\" src=\"https:\/\/katieporter.com\/wp-content\/uploads\/2025\/02\/KatiePorter_20250222-798-1024x731.png\" alt=\"\" class=\"wp-image-1346 size-full\" srcset=\"https:\/\/katieporter.com\/wp-content\/uploads\/2025\/02\/KatiePorter_20250222-798-300x214.png 300w, https:\/\/katieporter.com\/wp-content\/uploads\/2025\/02\/KatiePorter_20250222-798-600x428.png 600w, https:\/\/katieporter.com\/wp-content\/uploads\/2025\/02\/KatiePorter_20250222-798-768x548.png 768w, https:\/\/katieporter.com\/wp-content\/uploads\/2025\/02\/KatiePorter_20250222-798-1024x731.png 1024w, https:\/\/katieporter.com\/wp-content\/uploads\/2025\/02\/KatiePorter_20250222-798.png 1208w\" sizes=\"auto, (max-width: 1024px) 100vw, 1024px\" \/><\/figure><\/div>\n\n\n\n<p>En el Congreso, Katie promulg\u00f3 leyes para frenar a las corporaciones corruptas y fortalecer la respuesta ante desastres. Ella escribi\u00f3 nuevas leyes para frenar a los aseguradores de salud que niegan atenci\u00f3n injustamente y <strong>ahorrarles a los pacientes miles de d\u00f3lares<\/strong> en los aumentos de precios abusivos de las Grandes Farmac\u00e9uticas. Tambi\u00e9n promulg\u00f3 una legislaci\u00f3n que <strong>aumentar\u00eda el salario de los bomberos<\/strong> y <strong>fortalecer\u00eda el tratamiento de salud mental para los trabajadores de respuesta inmediata<\/strong>.<\/p>\n\n\n\n<figure class=\"wp-block-gallery alignwide has-nested-images columns-default is-cropped wp-block-gallery-1 is-layout-flex wp-block-gallery-is-layout-flex\">\n<figure class=\"wp-block-image size-large\"><img loading=\"lazy\" decoding=\"async\" width=\"1024\" height=\"730\" data-id=\"1413\" src=\"https:\/\/katieporter.com\/wp-content\/uploads\/2025\/03\/image5-2-1024x730.png\" alt=\"Katie and her daughter\" class=\"wp-image-1413\" srcset=\"https:\/\/katieporter.com\/wp-content\/uploads\/2025\/03\/image5-2-300x214.png 300w, https:\/\/katieporter.com\/wp-content\/uploads\/2025\/03\/image5-2-600x428.png 600w, https:\/\/katieporter.com\/wp-content\/uploads\/2025\/03\/image5-2-768x548.png 768w, https:\/\/katieporter.com\/wp-content\/uploads\/2025\/03\/image5-2-1024x730.png 1024w, https:\/\/katieporter.com\/wp-content\/uploads\/2025\/03\/image5-2.png 1102w\" sizes=\"auto, (max-width: 1024px) 100vw, 1024px\" \/><\/figure>\n\n\n\n<figure class=\"wp-block-image size-large\"><img loading=\"lazy\" decoding=\"async\" width=\"1024\" height=\"730\" data-id=\"1373\" src=\"https:\/\/katieporter.com\/wp-content\/uploads\/2025\/02\/49537229487_5f6d93c0e8_k-16-2-1024x730.png\" alt=\"Meeting young women\" class=\"wp-image-1373\" srcset=\"https:\/\/katieporter.com\/wp-content\/uploads\/2025\/02\/49537229487_5f6d93c0e8_k-16-2-300x214.png 300w, https:\/\/katieporter.com\/wp-content\/uploads\/2025\/02\/49537229487_5f6d93c0e8_k-16-2-600x428.png 600w, https:\/\/katieporter.com\/wp-content\/uploads\/2025\/02\/49537229487_5f6d93c0e8_k-16-2-768x547.png 768w, https:\/\/katieporter.com\/wp-content\/uploads\/2025\/02\/49537229487_5f6d93c0e8_k-16-2-1024x730.png 1024w, https:\/\/katieporter.com\/wp-content\/uploads\/2025\/02\/49537229487_5f6d93c0e8_k-16-2.png 1103w\" sizes=\"auto, (max-width: 1024px) 100vw, 1024px\" \/><\/figure>\n<\/figure>\n\n\n\n<p>Este a\u00f1o, Katie regres\u00f3 a ense\u00f1ar en la Facultad de Derecho de la Universidad de California en Irvine, donde est\u00e1 formando a una nueva generaci\u00f3n de defensores de los consumidores. Como profesora de la UCI antes de llegar al Congreso, Katie fue designada por la entonces Fiscal General Kamala Harris para ser la monitora independiente de los bancos en el acuerdo hipotecario nacional de $25 mil millones, ayudando a las familias a reponerse despu\u00e9s de la crisis hipotecaria.<\/p>\n\n\n\n<p>Katie es madre soltera de tres hijos. Ella vive con su familia en Irvine, California.&nbsp;<\/p>\n\n\n\n<figure class=\"wp-block-gallery alignwide has-nested-images columns-default is-cropped wp-block-gallery-2 is-layout-flex wp-block-gallery-is-layout-flex\">\n<figure class=\"wp-block-image size-large\"><img loading=\"lazy\" decoding=\"async\" width=\"1024\" height=\"730\" data-id=\"1349\" src=\"https:\/\/katieporter.com\/wp-content\/uploads\/2025\/02\/49537229487_5f6d93c0e8_k-14-1024x730.png\" alt=\"Talking to seniors\" class=\"wp-image-1349\" srcset=\"https:\/\/katieporter.com\/wp-content\/uploads\/2025\/02\/49537229487_5f6d93c0e8_k-14-300x214.png 300w, https:\/\/katieporter.com\/wp-content\/uploads\/2025\/02\/49537229487_5f6d93c0e8_k-14-600x428.png 600w, https:\/\/katieporter.com\/wp-content\/uploads\/2025\/02\/49537229487_5f6d93c0e8_k-14-768x548.png 768w, https:\/\/katieporter.com\/wp-content\/uploads\/2025\/02\/49537229487_5f6d93c0e8_k-14-1024x730.png 1024w, https:\/\/katieporter.com\/wp-content\/uploads\/2025\/02\/49537229487_5f6d93c0e8_k-14.png 1102w\" sizes=\"auto, (max-width: 1024px) 100vw, 1024px\" \/><\/figure>\n\n\n\n<figure class=\"wp-block-image size-large\"><img loading=\"lazy\" decoding=\"async\" width=\"1024\" height=\"730\" data-id=\"1350\" src=\"https:\/\/katieporter.com\/wp-content\/uploads\/2025\/02\/49537229487_5f6d93c0e8_k-15-1024x730.png\" alt=\"Katie on the phone\" class=\"wp-image-1350\" srcset=\"https:\/\/katieporter.com\/wp-content\/uploads\/2025\/02\/49537229487_5f6d93c0e8_k-15-300x214.png 300w, https:\/\/katieporter.com\/wp-content\/uploads\/2025\/02\/49537229487_5f6d93c0e8_k-15-600x428.png 600w, https:\/\/katieporter.com\/wp-content\/uploads\/2025\/02\/49537229487_5f6d93c0e8_k-15-768x547.png 768w, https:\/\/katieporter.com\/wp-content\/uploads\/2025\/02\/49537229487_5f6d93c0e8_k-15-1024x730.png 1024w, https:\/\/katieporter.com\/wp-content\/uploads\/2025\/02\/49537229487_5f6d93c0e8_k-15.png 1103w\" sizes=\"auto, (max-width: 1024px) 100vw, 1024px\" \/><\/figure>\n<\/figure>\n","protected":false},"excerpt":{"rendered":"<p>Despu\u00e9s de las elecciones de 2016, Katie lanz\u00f3 su primera campa\u00f1a, preocupada por la amenaza representada por Donald Trump. Dos a\u00f1os despu\u00e9s, ella logr\u00f3 volcar el distrito de rojo a azul y se convirti\u00f3 en la primera dem\u00f3crata&nbsp;&hellip;<\/p>\n","protected":false},"author":1,"featured_media":0,"parent":0,"menu_order":0,"comment_status":"closed","ping_status":"closed","template":"","meta":{"_acf_changed":false,"footnotes":""},"class_list":["post-1466","page","type-page","status-publish","hentry"],"acf":[],"yoast_head":"<!-- This site is optimized with the Yoast SEO plugin v27.4 - https:\/\/yoast.com\/product\/yoast-seo-wordpress\/ -->\n<title>Conoce a Katie | Katie Porter para Gobernadora<\/title>\n<meta name=\"robots\" content=\"index, follow, max-snippet:-1, max-image-preview:large, max-video-preview:-1\" \/>\n<link rel=\"canonical\" href=\"https:\/\/katieporter.com\/es\/sobre\/\" \/>\n<meta property=\"og:locale\" content=\"es_ES\" \/>\n<meta property=\"og:type\" content=\"article\" \/>\n<meta property=\"og:title\" content=\"Conoce a Katie | Katie Porter para Gobernadora\" \/>\n<meta property=\"og:description\" content=\"Despu\u00e9s de las elecciones de 2016, Katie lanz\u00f3 su primera campa\u00f1a, preocupada por la amenaza representada por Donald Trump. Dos a\u00f1os despu\u00e9s, ella logr\u00f3 volcar el distrito de rojo a azul y se convirti\u00f3 en la primera dem\u00f3crata&nbsp;&hellip;\" \/>\n<meta property=\"og:url\" content=\"https:\/\/katieporter.com\/es\/sobre\/\" \/>\n<meta property=\"og:site_name\" content=\"Katie Porter para Gobernadora\" \/>\n<meta property=\"article:modified_time\" content=\"2025-03-07T19:32:17+00:00\" \/>\n<meta property=\"og:image\" content=\"https:\/\/katieporter.com\/wp-content\/uploads\/2025\/03\/KPG-Website-Meta-1-2.png\" \/>\n\t<meta property=\"og:image:width\" content=\"1200\" \/>\n\t<meta property=\"og:image:height\" content=\"630\" \/>\n\t<meta property=\"og:image:type\" content=\"image\/png\" \/>\n<meta name=\"twitter:card\" content=\"summary_large_image\" \/>\n<script type=\"application\/ld+json\" class=\"yoast-schema-graph\">{\"@context\":\"https:\\\/\\\/schema.org\",\"@graph\":[{\"@type\":\"WebPage\",\"@id\":\"https:\\\/\\\/katieporter.com\\\/es\\\/sobre\\\/\",\"url\":\"https:\\\/\\\/katieporter.com\\\/es\\\/sobre\\\/\",\"name\":\"Conoce a Katie | Katie Porter para Gobernadora\",\"isPartOf\":{\"@id\":\"https:\\\/\\\/katieporter.com\\\/es\\\/#website\"},\"primaryImageOfPage\":{\"@id\":\"https:\\\/\\\/katieporter.com\\\/es\\\/sobre\\\/#primaryimage\"},\"image\":{\"@id\":\"https:\\\/\\\/katieporter.com\\\/es\\\/sobre\\\/#primaryimage\"},\"thumbnailUrl\":\"https:\\\/\\\/katieporter.com\\\/wp-content\\\/uploads\\\/2025\\\/02\\\/KatiePorter_20250222-798-1024x731.png\",\"datePublished\":\"2023-05-23T13:03:56+00:00\",\"dateModified\":\"2025-03-07T19:32:17+00:00\",\"breadcrumb\":{\"@id\":\"https:\\\/\\\/katieporter.com\\\/es\\\/sobre\\\/#breadcrumb\"},\"inLanguage\":\"es-ES\",\"potentialAction\":[{\"@type\":\"ReadAction\",\"target\":[\"https:\\\/\\\/katieporter.com\\\/es\\\/sobre\\\/\"]}]},{\"@type\":\"ImageObject\",\"inLanguage\":\"es-ES\",\"@id\":\"https:\\\/\\\/katieporter.com\\\/es\\\/sobre\\\/#primaryimage\",\"url\":\"https:\\\/\\\/katieporter.com\\\/wp-content\\\/uploads\\\/2025\\\/02\\\/KatiePorter_20250222-798-1024x731.png\",\"contentUrl\":\"https:\\\/\\\/katieporter.com\\\/wp-content\\\/uploads\\\/2025\\\/02\\\/KatiePorter_20250222-798-1024x731.png\"},{\"@type\":\"BreadcrumbList\",\"@id\":\"https:\\\/\\\/katieporter.com\\\/es\\\/sobre\\\/#breadcrumb\",\"itemListElement\":[{\"@type\":\"ListItem\",\"position\":1,\"name\":\"Home\",\"item\":\"https:\\\/\\\/katieporter.com\\\/es\\\/\"},{\"@type\":\"ListItem\",\"position\":2,\"name\":\"Conoce a Katie\"}]},{\"@type\":\"WebSite\",\"@id\":\"https:\\\/\\\/katieporter.com\\\/es\\\/#website\",\"url\":\"https:\\\/\\\/katieporter.com\\\/es\\\/\",\"name\":\"Katie Porter para Gobernadora\",\"description\":\"Sitio web oficial de la campa\u00f1a\",\"potentialAction\":[{\"@type\":\"SearchAction\",\"target\":{\"@type\":\"EntryPoint\",\"urlTemplate\":\"https:\\\/\\\/katieporter.com\\\/es\\\/?s={search_term_string}\"},\"query-input\":{\"@type\":\"PropertyValueSpecification\",\"valueRequired\":true,\"valueName\":\"search_term_string\"}}],\"inLanguage\":\"es-ES\"}]}<\/script>\n<!-- \/ Yoast SEO plugin. -->","yoast_head_json":{"title":"Conoce a Katie | Katie Porter para Gobernadora","robots":{"index":"index","follow":"follow","max-snippet":"max-snippet:-1","max-image-preview":"max-image-preview:large","max-video-preview":"max-video-preview:-1"},"canonical":"https:\/\/katieporter.com\/es\/sobre\/","og_locale":"es_ES","og_type":"article","og_title":"Conoce a Katie | Katie Porter para Gobernadora","og_description":"Despu\u00e9s de las elecciones de 2016, Katie lanz\u00f3 su primera campa\u00f1a, preocupada por la amenaza representada por Donald Trump. Dos a\u00f1os despu\u00e9s, ella logr\u00f3 volcar el distrito de rojo a azul y se convirti\u00f3 en la primera dem\u00f3crata&nbsp;&hellip;","og_url":"https:\/\/katieporter.com\/es\/sobre\/","og_site_name":"Katie Porter para Gobernadora","article_modified_time":"2025-03-07T19:32:17+00:00","og_image":[{"width":1200,"height":630,"url":"https:\/\/katieporter.com\/wp-content\/uploads\/2025\/03\/KPG-Website-Meta-1-2.png","type":"image\/png"}],"twitter_card":"summary_large_image","schema":{"@context":"https:\/\/schema.org","@graph":[{"@type":"WebPage","@id":"https:\/\/katieporter.com\/es\/sobre\/","url":"https:\/\/katieporter.com\/es\/sobre\/","name":"Conoce a Katie | Katie Porter para Gobernadora","isPartOf":{"@id":"https:\/\/katieporter.com\/es\/#website"},"primaryImageOfPage":{"@id":"https:\/\/katieporter.com\/es\/sobre\/#primaryimage"},"image":{"@id":"https:\/\/katieporter.com\/es\/sobre\/#primaryimage"},"thumbnailUrl":"https:\/\/katieporter.com\/wp-content\/uploads\/2025\/02\/KatiePorter_20250222-798-1024x731.png","datePublished":"2023-05-23T13:03:56+00:00","dateModified":"2025-03-07T19:32:17+00:00","breadcrumb":{"@id":"https:\/\/katieporter.com\/es\/sobre\/#breadcrumb"},"inLanguage":"es-ES","potentialAction":[{"@type":"ReadAction","target":["https:\/\/katieporter.com\/es\/sobre\/"]}]},{"@type":"ImageObject","inLanguage":"es-ES","@id":"https:\/\/katieporter.com\/es\/sobre\/#primaryimage","url":"https:\/\/katieporter.com\/wp-content\/uploads\/2025\/02\/KatiePorter_20250222-798-1024x731.png","contentUrl":"https:\/\/katieporter.com\/wp-content\/uploads\/2025\/02\/KatiePorter_20250222-798-1024x731.png"},{"@type":"BreadcrumbList","@id":"https:\/\/katieporter.com\/es\/sobre\/#breadcrumb","itemListElement":[{"@type":"ListItem","position":1,"name":"Home","item":"https:\/\/katieporter.com\/es\/"},{"@type":"ListItem","position":2,"name":"Conoce a Katie"}]},{"@type":"WebSite","@id":"https:\/\/katieporter.com\/es\/#website","url":"https:\/\/katieporter.com\/es\/","name":"Katie Porter para Gobernadora","description":"Sitio web oficial de la campa\u00f1a","potentialAction":[{"@type":"SearchAction","target":{"@type":"EntryPoint","urlTemplate":"https:\/\/katieporter.com\/es\/?s={search_term_string}"},"query-input":{"@type":"PropertyValueSpecification","valueRequired":true,"valueName":"search_term_string"}}],"inLanguage":"es-ES"}]}},"_links":{"self":[{"href":"https:\/\/katieporter.com\/es\/wp-json\/wp\/v2\/pages\/1466","targetHints":{"allow":["GET"]}}],"collection":[{"href":"https:\/\/katieporter.com\/es\/wp-json\/wp\/v2\/pages"}],"about":[{"href":"https:\/\/katieporter.com\/es\/wp-json\/wp\/v2\/types\/page"}],"author":[{"embeddable":true,"href":"https:\/\/katieporter.com\/es\/wp-json\/wp\/v2\/users\/1"}],"replies":[{"embeddable":true,"href":"https:\/\/katieporter.com\/es\/wp-json\/wp\/v2\/comments?post=1466"}],"version-history":[{"count":3,"href":"https:\/\/katieporter.com\/es\/wp-json\/wp\/v2\/pages\/1466\/revisions"}],"predecessor-version":[{"id":1486,"href":"https:\/\/katieporter.com\/es\/wp-json\/wp\/v2\/pages\/1466\/revisions\/1486"}],"wp:attachment":[{"href":"https:\/\/katieporter.com\/es\/wp-json\/wp\/v2\/media?parent=1466"}],"curies":[{"name":"wp","href":"https:\/\/api.w.org\/{rel}","templated":true}]}}