{"id":1467,"date":"2023-05-23T13:07:06","date_gmt":"2023-05-23T13:07:06","guid":{"rendered":"https:\/\/katieporter.com\/priorities\/"},"modified":"2025-03-07T19:37:16","modified_gmt":"2025-03-07T19:37:16","slug":"prioridades","status":"publish","type":"page","link":"https:\/\/katieporter.com\/es\/prioridades\/","title":{"rendered":"Prioridades"},"content":{"rendered":"\n<h2 class=\"wp-block-heading\">Defendiendo Tu <mark style=\"background-color:rgba(0, 0, 0, 0)\" class=\"has-inline-color has-vivid-blue-color\">Atenci\u00f3n M\u00e9dica<\/mark> de los Ataques de Trump:<\/h2>\n\n\n\n<p>\u00a1Nuestra pr\u00f3xima gobernadora debe ser una gobernadora de la salud! En el Congreso, enfrent\u00e9 nuestros desaf\u00edos en salud, promulgando una ley s\u00f3lida para frenar a las compa\u00f1\u00edas de seguros que negaban atenci\u00f3n injustamente y ahorrando a los pacientes miles de millones de d\u00f3lares por los abusos de precios de las farmac\u00e9uticas.&nbsp;&nbsp;<\/p>\n\n\n\n<p>Ahora, no hay duda de que la mayor amenaza a nuestra atenci\u00f3n m\u00e9dica en California vendr\u00e1 de Trump y sus secuaces en Washington. En su propuesta presupuestaria de extrema derecha, Trump y sus aliados est\u00e1n atacando los cimientos mismos de nuestro sistema de salud con recortes dr\u00e1sticos y devastadores. Estos recortes pondr\u00edan los fondos de Medicare y Medicaid en la cuerda floja, quitar\u00edan dinero crucial para nuestros hospitales de la red de seguridad, recortar\u00edan fondos que ayudan a los californianos de clase media a pagar las primas del seguro de salud, y desestabilizar\u00edan los programas que ayudan a personas mayores y a las familias de bajos ingresos a recibir atenci\u00f3n preventiva que los mantiene fuera de los hospitales. \u00bfQui\u00e9n sale perjudicado? \u00a1Todos nosotros! \u00a1T\u00fa y tu familia! \u00a1Tus vecinos! \u00a1Tu proveedor de atenci\u00f3n m\u00e9dica! Como tu gobernadora, luchar\u00e9 contra estos recortes con cada fibra de mi ser y trabajar\u00e9 para fortalecer nuestro sistema de salud a nivel estatal para que podamos proteger, expandir y mejorar la atenci\u00f3n m\u00e9dica para todos nuestros residentes.<\/p>\n\n\n\n<h2 class=\"wp-block-heading\"><mark style=\"background-color:rgba(0, 0, 0, 0)\" class=\"has-inline-color has-vivid-blue-color\">\u00a1Todo Est\u00e1 Car\u00edsimo!<\/mark> Hagamos que Vivir Aqu\u00ed Sea M\u00e1s F\u00e1cil:<\/h2>\n\n\n\n<p>Las familias californianas no pueden seguir el ritmo \u2014 con la vivienda, el costo de los alimentos, los servicios p\u00fablicos, el cuidado infantil, la educaci\u00f3n superior, el transporte \u2014 sin mencionar el ahorro para la jubilaci\u00f3n. Como mam\u00e1 soltera de tres hijos, s\u00e9 que tanto el costo de huevos, tocino, hasta la harina y el az\u00facar est\u00e1 incre\u00edblemente caro en este momento, y he visto c\u00f3mo el poder adquisitivo de la mayor\u00eda de las familias ha empeorado desde la pandemia. En el Congreso, mi motivaci\u00f3n siempre fue una sola cosa: mejorar la vida de los californianos. Eso no cambiar\u00e1 cuando sea gobernadora. Luchar\u00e9 para frenar los costos para los californianos, expandir\u00e9 las oportunidades econ\u00f3micas para que nuestras familias puedan enfrentar mejor la inflaci\u00f3n, y combatir\u00e9 las pol\u00edticas de la administraci\u00f3n Trump, como los aranceles contraproducentes que solo te afectar\u00e1n a ti en el bolsillo, aumentando los precios de los productos b\u00e1sicos y empeorando el problema cada vez m\u00e1s.<\/p>\n\n\n\n<h2 class=\"wp-block-heading\">Unir a Empresas, Trabajadores y Gobierno Para <mark style=\"background-color:rgba(0, 0, 0, 0)\" class=\"has-inline-color has-vivid-blue-color\">Que Nuestra Econom\u00eda Prospere<\/mark>:<\/h2>\n\n\n\n<p>Como defensora de los consumidores y profesora especializada en derecho empresarial, vi de primera mano el poder de la innovaci\u00f3n, la competencia y los trabajadores para crear prosperidad. California es el motor de la econom\u00eda de Estados Unidos y una potencia econ\u00f3mica mundial, todo gracias a los emprendedores y trabajadores que tuvieron una buena idea y la pusieron en pr\u00e1ctica. Las empresas que comenzaron aqu\u00ed emplean a millones de californianos y han permitido que nuestro estado tenga una voz destacada en el escenario mundial. Tenemos que mantener ese impulso. Yo unir\u00e9 a empresas, trabajadores y al gobierno para resolver problemas y asegurar que la pr\u00f3xima generaci\u00f3n de innovaciones tecnol\u00f3gicas y avances econ\u00f3micos sucedan aqu\u00ed mismo, en California. Luchar\u00e9 por empleos sindicalizados bien remunerados y garantizar\u00e9 que nuestros trabajadores tengan las habilidades y la formaci\u00f3n necesarias para prosperar en la fuerza laboral moderna. Cada californiano debe tener la oportunidad de ser parte del \u00e9xito econ\u00f3mico de California y cosechar los beneficios de las incre\u00edbles cosas que suceden aqu\u00ed.<\/p>\n\n\n\n<h2 class=\"wp-block-heading\">Construir <mark style=\"background-color:rgba(0, 0, 0, 0)\" class=\"has-inline-color has-vivid-blue-color\">M\u00e1s Viviendas<\/mark> y Mantener a los Californianos Fuera de las Calles:<\/h2>\n\n\n\n<p>California est\u00e1 atrapada en una crisis de vivienda que lleva d\u00e9cadas. Mis propios hijos, que son adolescentes y universitarios, me han dicho que temen que nunca puedan permitirse vivir en su propio estado de California debido al alto costo de la vivienda. Nos enfrentamos a toda una generaci\u00f3n de californianos en sus 20, 30 e incluso 40 a\u00f1os que se ven obligados a posponer la formaci\u00f3n de una familia y la compra de una casa porque el costo es simplemente demasiado alto. Trabajadores cruciales \u2014 como maestros, enfermeras, bomberos y polic\u00edas \u2014 se ven obligados a hacer largos viajes cada d\u00eda porque no pueden permitirse vivir en las comunidades donde trabajan. Y m\u00e1s de 150,000 californianos viven sin hogar en nuestras calles y aceras. Debemos construir m\u00e1s viviendas de todo tipo \u2014 desde viviendas para nuestras personas mayores que desean envejecer en el lugar donde hoy viven, hasta la pr\u00f3xima generaci\u00f3n de talento que se est\u00e1 graduando de nuestras universidades. Presionar\u00e9 al gobierno federal para que invierta en combatir los desaf\u00edos de vivienda de California; nuestra necesidad m\u00e1s urgente debe ser la prioridad m\u00e1s grande de Washington. Aprovechar\u00e9 fuentes de financiamiento, impulsar\u00e9 estrategias innovadoras de construcci\u00f3n, eliminar\u00e9 tr\u00e1mites innecesarios y crear\u00e9 incentivos para construir la vivienda que nuestra econom\u00eda y nuestras comunidades necesitan.<\/p>\n\n\n\n<h2 class=\"wp-block-heading\">Defender las Leyes de <mark style=\"background-color:rgba(0, 0, 0, 0)\" class=\"has-inline-color has-vivid-blue-color\">Aire Limpio<\/mark> y Expandir la <mark style=\"background-color:rgba(0, 0, 0, 0)\" class=\"has-inline-color has-vivid-blue-color\">Energ\u00eda Limpia<\/mark>:<\/h2>\n\n\n\n<p>En el Congreso, me enfrent\u00e9 constantemente a los intentos de Trump de expandir la excavaci\u00f3n en nuestras costas, y luch\u00e9 para asegurarme de que las compa\u00f1\u00edas petroleras limpiaran los da\u00f1os causados por sus derrames. Ahora, Trump est\u00e1 reactivando su extrema agenda pro-contaminaci\u00f3n, y las leyes ambientales de California ser\u00e1n su objetivo. No voy a permitir que desmantelen nuestras leyes pioneras de aire limpio que han reducido la contaminaci\u00f3n y han ayudado a que nuestros ni\u00f1os puedan respirar en un ambiente m\u00e1s sano. Proteger\u00e9 nuestras zonas silvestres, espacios abiertos y oc\u00e9anos, todos estos recursos que impulsan nuestra econom\u00eda y crean comunidades incre\u00edbles. Y luchar\u00e9 para asegurar que California siga a la vanguardia de la innovaci\u00f3n y la tecnolog\u00eda en energ\u00eda limpia, para que nuestro estado sea el primero en lograr una producci\u00f3n de energ\u00eda 100% renovable, los 365 d\u00edas del a\u00f1o.<\/p>\n\n\n\n<h2 class=\"wp-block-heading\"><mark style=\"background-color:rgba(0, 0, 0, 0)\" class=\"has-inline-color has-vivid-blue-color\">Prepararnos para Desastres<\/mark> como Incendios, Terremotos e Inundaciones:<\/h2>\n\n\n\n<p>Los desastres naturales pueden ocurrir en cualquier momento, por lo que California necesita una gobernadora lo suficientemente fuerte para prevenirlos y reconstruir despu\u00e9s. Nos enfrentamos a amenazas de incendios, inundaciones, terremotos e incluso tsunamis, y cada d\u00f3lar invertido en preparaci\u00f3n nos protege a todos. En el Congreso, redact\u00e9 una legislaci\u00f3n para aumentar el salario de los bomberos y la aprob\u00f3 la C\u00e1mara de Representantes. Tambi\u00e9n escrib\u00ed una legislaci\u00f3n que habr\u00eda exigido y financiado informes de evaluaci\u00f3n post-desastre por parte de FEMA, para que la agencia pudiera optimizar las mejores pr\u00e1cticas e incrementar su capacidad de respuesta ante cada desastre. Pero la administraci\u00f3n de Trump toma el enfoque opuesto: est\u00e1 realizando recortes profundos en FEMA, despidiendo a bomberos de zonas silvestres y expertos en seguridad, y recortando fondos para agencias como NOAA, que estudian los patrones clim\u00e1ticos. Mientras tanto, Trump y sus secuaces han amenazado con retener ilegalmente los fondos federales destinados a los desastres en California. Luchar\u00e9 por cada d\u00f3lar federal que nuestras comunidades deben recibir, crear\u00e9 incentivos para que empresas, familias y gobiernos inviertan en resistencia a desastres, y luchar\u00e9 para mejorar y expandir nuestra capacidad para combatir incendios y responder a desastres naturales a nivel estatal.<\/p>\n","protected":false},"excerpt":{"rendered":"<p>Defendiendo Tu Atenci\u00f3n M\u00e9dica de los Ataques de Trump: \u00a1Nuestra pr\u00f3xima gobernadora debe ser una gobernadora de la salud! En el Congreso, enfrent\u00e9 nuestros desaf\u00edos en salud, promulgando una ley s\u00f3lida para frenar a las compa\u00f1\u00edas de seguros&nbsp;&hellip;<\/p>\n","protected":false},"author":1,"featured_media":0,"parent":0,"menu_order":0,"comment_status":"closed","ping_status":"closed","template":"","meta":{"_acf_changed":false,"footnotes":""},"class_list":["post-1467","page","type-page","status-publish","hentry"],"acf":[],"yoast_head":"<!-- This site is optimized with the Yoast SEO plugin v27.3 - https:\/\/yoast.com\/product\/yoast-seo-wordpress\/ -->\n<title>Prioridades | Katie Porter para Gobernadora<\/title>\n<meta name=\"robots\" content=\"index, follow, max-snippet:-1, max-image-preview:large, max-video-preview:-1\" \/>\n<link rel=\"canonical\" href=\"https:\/\/katieporter.com\/es\/prioridades\/\" \/>\n<meta property=\"og:locale\" content=\"es_ES\" \/>\n<meta property=\"og:type\" content=\"article\" \/>\n<meta property=\"og:title\" content=\"Prioridades | Katie Porter para Gobernadora\" \/>\n<meta property=\"og:description\" content=\"Defendiendo Tu Atenci\u00f3n M\u00e9dica de los Ataques de Trump: \u00a1Nuestra pr\u00f3xima gobernadora debe ser una gobernadora de la salud! En el Congreso, enfrent\u00e9 nuestros desaf\u00edos en salud, promulgando una ley s\u00f3lida para frenar a las compa\u00f1\u00edas de seguros&nbsp;&hellip;\" \/>\n<meta property=\"og:url\" content=\"https:\/\/katieporter.com\/es\/prioridades\/\" \/>\n<meta property=\"og:site_name\" content=\"Katie Porter para Gobernadora\" \/>\n<meta property=\"article:modified_time\" content=\"2025-03-07T19:37:16+00:00\" \/>\n<meta property=\"og:image\" content=\"http:\/\/katieporter.com\/wp-content\/uploads\/2025\/03\/KPG-Website-Meta-1-2.png\" \/>\n\t<meta property=\"og:image:width\" content=\"1200\" \/>\n\t<meta property=\"og:image:height\" content=\"630\" \/>\n\t<meta property=\"og:image:type\" content=\"image\/png\" \/>\n<meta name=\"twitter:card\" content=\"summary_large_image\" \/>\n<script type=\"application\/ld+json\" class=\"yoast-schema-graph\">{\"@context\":\"https:\\\/\\\/schema.org\",\"@graph\":[{\"@type\":\"WebPage\",\"@id\":\"https:\\\/\\\/katieporter.com\\\/es\\\/prioridades\\\/\",\"url\":\"https:\\\/\\\/katieporter.com\\\/es\\\/prioridades\\\/\",\"name\":\"Prioridades | Katie Porter para Gobernadora\",\"isPartOf\":{\"@id\":\"https:\\\/\\\/katieporter.com\\\/es\\\/#website\"},\"datePublished\":\"2023-05-23T13:07:06+00:00\",\"dateModified\":\"2025-03-07T19:37:16+00:00\",\"breadcrumb\":{\"@id\":\"https:\\\/\\\/katieporter.com\\\/es\\\/prioridades\\\/#breadcrumb\"},\"inLanguage\":\"es-ES\",\"potentialAction\":[{\"@type\":\"ReadAction\",\"target\":[\"https:\\\/\\\/katieporter.com\\\/es\\\/prioridades\\\/\"]}]},{\"@type\":\"BreadcrumbList\",\"@id\":\"https:\\\/\\\/katieporter.com\\\/es\\\/prioridades\\\/#breadcrumb\",\"itemListElement\":[{\"@type\":\"ListItem\",\"position\":1,\"name\":\"Home\",\"item\":\"http:\\\/\\\/katieporter.com\\\/es\\\/\"},{\"@type\":\"ListItem\",\"position\":2,\"name\":\"Prioridades\"}]},{\"@type\":\"WebSite\",\"@id\":\"https:\\\/\\\/katieporter.com\\\/es\\\/#website\",\"url\":\"https:\\\/\\\/katieporter.com\\\/es\\\/\",\"name\":\"Katie Porter para Gobernadora\",\"description\":\"Sitio web oficial de la campa\u00f1a\",\"potentialAction\":[{\"@type\":\"SearchAction\",\"target\":{\"@type\":\"EntryPoint\",\"urlTemplate\":\"https:\\\/\\\/katieporter.com\\\/es\\\/?s={search_term_string}\"},\"query-input\":{\"@type\":\"PropertyValueSpecification\",\"valueRequired\":true,\"valueName\":\"search_term_string\"}}],\"inLanguage\":\"es-ES\"}]}<\/script>\n<!-- \/ Yoast SEO plugin. -->","yoast_head_json":{"title":"Prioridades | Katie Porter para Gobernadora","robots":{"index":"index","follow":"follow","max-snippet":"max-snippet:-1","max-image-preview":"max-image-preview:large","max-video-preview":"max-video-preview:-1"},"canonical":"https:\/\/katieporter.com\/es\/prioridades\/","og_locale":"es_ES","og_type":"article","og_title":"Prioridades | Katie Porter para Gobernadora","og_description":"Defendiendo Tu Atenci\u00f3n M\u00e9dica de los Ataques de Trump: \u00a1Nuestra pr\u00f3xima gobernadora debe ser una gobernadora de la salud! En el Congreso, enfrent\u00e9 nuestros desaf\u00edos en salud, promulgando una ley s\u00f3lida para frenar a las compa\u00f1\u00edas de seguros&nbsp;&hellip;","og_url":"https:\/\/katieporter.com\/es\/prioridades\/","og_site_name":"Katie Porter para Gobernadora","article_modified_time":"2025-03-07T19:37:16+00:00","og_image":[{"width":1200,"height":630,"url":"http:\/\/katieporter.com\/wp-content\/uploads\/2025\/03\/KPG-Website-Meta-1-2.png","type":"image\/png"}],"twitter_card":"summary_large_image","schema":{"@context":"https:\/\/schema.org","@graph":[{"@type":"WebPage","@id":"https:\/\/katieporter.com\/es\/prioridades\/","url":"https:\/\/katieporter.com\/es\/prioridades\/","name":"Prioridades | Katie Porter para Gobernadora","isPartOf":{"@id":"https:\/\/katieporter.com\/es\/#website"},"datePublished":"2023-05-23T13:07:06+00:00","dateModified":"2025-03-07T19:37:16+00:00","breadcrumb":{"@id":"https:\/\/katieporter.com\/es\/prioridades\/#breadcrumb"},"inLanguage":"es-ES","potentialAction":[{"@type":"ReadAction","target":["https:\/\/katieporter.com\/es\/prioridades\/"]}]},{"@type":"BreadcrumbList","@id":"https:\/\/katieporter.com\/es\/prioridades\/#breadcrumb","itemListElement":[{"@type":"ListItem","position":1,"name":"Home","item":"http:\/\/katieporter.com\/es\/"},{"@type":"ListItem","position":2,"name":"Prioridades"}]},{"@type":"WebSite","@id":"https:\/\/katieporter.com\/es\/#website","url":"https:\/\/katieporter.com\/es\/","name":"Katie Porter para Gobernadora","description":"Sitio web oficial de la campa\u00f1a","potentialAction":[{"@type":"SearchAction","target":{"@type":"EntryPoint","urlTemplate":"https:\/\/katieporter.com\/es\/?s={search_term_string}"},"query-input":{"@type":"PropertyValueSpecification","valueRequired":true,"valueName":"search_term_string"}}],"inLanguage":"es-ES"}]}},"_links":{"self":[{"href":"https:\/\/katieporter.com\/es\/wp-json\/wp\/v2\/pages\/1467","targetHints":{"allow":["GET"]}}],"collection":[{"href":"https:\/\/katieporter.com\/es\/wp-json\/wp\/v2\/pages"}],"about":[{"href":"https:\/\/katieporter.com\/es\/wp-json\/wp\/v2\/types\/page"}],"author":[{"embeddable":true,"href":"https:\/\/katieporter.com\/es\/wp-json\/wp\/v2\/users\/1"}],"replies":[{"embeddable":true,"href":"https:\/\/katieporter.com\/es\/wp-json\/wp\/v2\/comments?post=1467"}],"version-history":[{"count":1,"href":"https:\/\/katieporter.com\/es\/wp-json\/wp\/v2\/pages\/1467\/revisions"}],"predecessor-version":[{"id":1488,"href":"https:\/\/katieporter.com\/es\/wp-json\/wp\/v2\/pages\/1467\/revisions\/1488"}],"wp:attachment":[{"href":"https:\/\/katieporter.com\/es\/wp-json\/wp\/v2\/media?parent=1467"}],"curies":[{"name":"wp","href":"https:\/\/api.w.org\/{rel}","templated":true}]}}